{"id":55,"date":"2018-05-22T18:09:02","date_gmt":"2018-05-22T16:09:02","guid":{"rendered":"http:\/\/kreative-heilarbeit.de\/?page_id=55"},"modified":"2018-05-23T11:09:32","modified_gmt":"2018-05-23T09:09:32","slug":"einheit","status":"publish","type":"page","link":"https:\/\/kreative-heilarbeit.de\/","title":{"rendered":"Einheit"},"content":{"rendered":"<p>In unserer Praxisgemeinschaft steht der Mensch als Individuum mit seiner ihm eigenen komplexen Reaktionsweise auf Stressoren aller Art im Vordergrund. Erwachsene und Kinder reagieren immer h\u00e4ufiger auf Umweltbelastungen, falsche Ern\u00e4hrung und Leistungsdruck mit chronischen Beschwerden. Das ist ein zunehmendes Leiden unserer Zeit.<\/p>\n<p>Wir helfen Ihnen mittels verschiedener Methoden der K\u00f6rperarbeit, Psychotherapie und klassischen Naturheilverfahren. Individuell abgestimmte Heilmittel und unterst\u00fctzende Verfahren f\u00fcr Geist und Seele helfen ihr Wohlbefinden wieder zu erlangen. Unsere therapeutischen Ans\u00e4tze sind grunds\u00e4tzlich ganzheitlich ausgerichtet und erfolgen immer in Absprache mit Ihnen.<\/p>\n<p>In unserer Praxisgemeinschaft Kreative Heilarbeit betrachten wir den Menschen als aktive Gesamtheit.<\/p>\n<p>Deshalb arbeiten wir mit Ihnen aktiv auf diesen drei Ebenen:<\/p>\n<ul>\n<li>K\u00f6rper:<\/li>\n<\/ul>\n<p><a href=\"http:\/\/www.kreative-koerper.de\/\" target=\"_blank\" rel=\"noopener\">Kreative K\u00f6rperarbeit mit Physiotherapeutin und Heilpraktikerin Diana LaFond<\/a><\/p>\n<ul>\n<li>Geist:<\/li>\n<\/ul>\n<p><a href=\"http:\/\/praxis-mante.de\/Start\/\" target=\"_blank\" rel=\"noopener\">Psychotherapie mit Diplom-Psychologe Alf Mante<\/a><\/p>\n<ul>\n<li>Seele:<\/li>\n<\/ul>\n<p><a href=\"http:\/\/kreative-heilarbeit.de\/?page_id=27\" target=\"_blank\" rel=\"noopener\">Naturheilverfahren mit Heilpraktikerin M\u00f3nica Tur\u00f3n Stein<\/a><\/p>\n<p>&nbsp;<\/p>\n<p><b>Termine nach Vereinbarung<\/b><\/p>\n<p>Beratungen sind in folgenden Sprachen m\u00f6glich:<br \/>\nDeutsch, Englisch, Spanisch, Portugiesisch und Franz\u00f6sich.<\/p>\n","protected":false},"excerpt":{"rendered":"<p>In unserer Praxisgemeinschaft steht der Mensch als Individuum mit seiner ihm eigenen komplexen Reaktionsweise auf Stressoren aller Art im Vordergrund. Erwachsene und Kinder reagieren immer h\u00e4ufiger auf Umweltbelastungen, falsche Ern\u00e4hrung und Leistungsdruck mit chronischen Beschwerden. Das ist ein zunehmendes Leiden unserer Zeit. Wir helfen Ihnen mittels verschiedener Methoden der K\u00f6rperarbeit, Psychotherapie und klassischen Naturheilverfahren. Individuell &hellip; <\/p>\n<p class=\"link-more\"><a href=\"https:\/\/kreative-heilarbeit.de\/\" class=\"more-link\"><span class=\"screen-reader-text\">&#8222;Einheit&#8220;<\/span> weiterlesen<\/a><\/p>\n","protected":false},"author":1,"featured_media":0,"parent":0,"menu_order":0,"comment_status":"closed","ping_status":"closed","template":"","meta":[],"_links":{"self":[{"href":"https:\/\/kreative-heilarbeit.de\/index.php?rest_route=\/wp\/v2\/pages\/55"}],"collection":[{"href":"https:\/\/kreative-heilarbeit.de\/index.php?rest_route=\/wp\/v2\/pages"}],"about":[{"href":"https:\/\/kreative-heilarbeit.de\/index.php?rest_route=\/wp\/v2\/types\/page"}],"author":[{"embeddable":true,"href":"https:\/\/kreative-heilarbeit.de\/index.php?rest_route=\/wp\/v2\/users\/1"}],"replies":[{"embeddable":true,"href":"https:\/\/kreative-heilarbeit.de\/index.php?rest_route=%2Fwp%2Fv2%2Fcomments&post=55"}],"version-history":[{"count":12,"href":"https:\/\/kreative-heilarbeit.de\/index.php?rest_route=\/wp\/v2\/pages\/55\/revisions"}],"predecessor-version":[{"id":83,"href":"https:\/\/kreative-heilarbeit.de\/index.php?rest_route=\/wp\/v2\/pages\/55\/revisions\/83"}],"wp:attachment":[{"href":"https:\/\/kreative-heilarbeit.de\/index.php?rest_route=%2Fwp%2Fv2%2Fmedia&parent=55"}],"curies":[{"name":"wp","href":"https:\/\/api.w.org\/{rel}","templated":true}]}}