{"id":27,"date":"2018-05-22T15:06:37","date_gmt":"2018-05-22T15:06:37","guid":{"rendered":"http:\/\/kreative-heilarbeit.de\/?page_id=27"},"modified":"2018-05-22T18:45:59","modified_gmt":"2018-05-22T16:45:59","slug":"seele","status":"publish","type":"page","link":"https:\/\/kreative-heilarbeit.de\/?page_id=27","title":{"rendered":"Seele"},"content":{"rendered":"<h2>Naturheilkunde &#8211; Seelenarbeit:<\/h2>\n<p>In der ausf\u00fchrlichen Erstanamnese mit Augendiagnose lege ich die Fundamente f\u00fcr unseren individualisierten Behandlungsansatz. Bei schweren Erkrankungen mit langen Genesungsprozesen biete ich auch eine kontinuierliche Begleitung an.<\/p>\n<h2>Angewendete Verfahren:<\/h2>\n<ul>\n<li>Augendiagnostik<\/li>\n<li>Westliche Heilkr\u00e4uter und Vitalpilze<\/li>\n<li>Hom\u00f6opathie<\/li>\n<li>Naturheilverfahren (Blutegel, Schr\u00f6pfen und Baunscheidtieren)<\/li>\n<li>Ohr-Akupunktur.<\/li>\n<\/ul>\n","protected":false},"excerpt":{"rendered":"<p>Naturheilkunde &#8211; Seelenarbeit: In der ausf\u00fchrlichen Erstanamnese mit Augendiagnose lege ich die Fundamente f\u00fcr unseren individualisierten Behandlungsansatz. Bei schweren Erkrankungen mit langen Genesungsprozesen biete ich auch eine kontinuierliche Begleitung an. Angewendete Verfahren: Augendiagnostik Westliche Heilkr\u00e4uter und Vitalpilze Hom\u00f6opathie Naturheilverfahren (Blutegel, Schr\u00f6pfen und Baunscheidtieren) Ohr-Akupunktur.<\/p>\n","protected":false},"author":1,"featured_media":0,"parent":0,"menu_order":0,"comment_status":"closed","ping_status":"closed","template":"","meta":[],"_links":{"self":[{"href":"https:\/\/kreative-heilarbeit.de\/index.php?rest_route=\/wp\/v2\/pages\/27"}],"collection":[{"href":"https:\/\/kreative-heilarbeit.de\/index.php?rest_route=\/wp\/v2\/pages"}],"about":[{"href":"https:\/\/kreative-heilarbeit.de\/index.php?rest_route=\/wp\/v2\/types\/page"}],"author":[{"embeddable":true,"href":"https:\/\/kreative-heilarbeit.de\/index.php?rest_route=\/wp\/v2\/users\/1"}],"replies":[{"embeddable":true,"href":"https:\/\/kreative-heilarbeit.de\/index.php?rest_route=%2Fwp%2Fv2%2Fcomments&post=27"}],"version-history":[{"count":4,"href":"https:\/\/kreative-heilarbeit.de\/index.php?rest_route=\/wp\/v2\/pages\/27\/revisions"}],"predecessor-version":[{"id":70,"href":"https:\/\/kreative-heilarbeit.de\/index.php?rest_route=\/wp\/v2\/pages\/27\/revisions\/70"}],"wp:attachment":[{"href":"https:\/\/kreative-heilarbeit.de\/index.php?rest_route=%2Fwp%2Fv2%2Fmedia&parent=27"}],"curies":[{"name":"wp","href":"https:\/\/api.w.org\/{rel}","templated":true}]}}