{"id":26,"date":"2018-05-22T15:06:37","date_gmt":"2018-05-22T15:06:37","guid":{"rendered":"http:\/\/kreative-heilarbeit.de\/?page_id=26"},"modified":"2018-05-22T20:14:40","modified_gmt":"2018-05-22T18:14:40","slug":"geist","status":"publish","type":"page","link":"https:\/\/kreative-heilarbeit.de\/?page_id=26","title":{"rendered":"Geist"},"content":{"rendered":"<p>Ich bin bereit, mit Ihnen neue Wege zu beschreiten.<\/p>\n<p>In der Psychotherapie finden wir eine Balance zwischen bew\u00e4hrten und individuellen L\u00f6sungsans\u00e4tzen, die wirklich zu Ihren W\u00fcnschen und Zielen passt.<\/p>\n<p>Bitte besuchen Sie f\u00fcr mehr Informationen zu mir und meinen psychotherapeutischen Angeboten die Webseite <a href=\"http:\/\/praxis-mante.de\/\" target=\"_blank\" rel=\"noopener\">http:\/\/praxis-mante.de\/<\/a><\/p>\n","protected":false},"excerpt":{"rendered":"<p>Ich bin bereit, mit Ihnen neue Wege zu beschreiten. In der Psychotherapie finden wir eine Balance zwischen bew\u00e4hrten und individuellen L\u00f6sungsans\u00e4tzen, die wirklich zu Ihren W\u00fcnschen und Zielen passt. Bitte besuchen Sie f\u00fcr mehr Informationen zu mir und meinen psychotherapeutischen Angeboten die Webseite http:\/\/praxis-mante.de\/<\/p>\n","protected":false},"author":1,"featured_media":0,"parent":0,"menu_order":0,"comment_status":"closed","ping_status":"closed","template":"","meta":[],"_links":{"self":[{"href":"https:\/\/kreative-heilarbeit.de\/index.php?rest_route=\/wp\/v2\/pages\/26"}],"collection":[{"href":"https:\/\/kreative-heilarbeit.de\/index.php?rest_route=\/wp\/v2\/pages"}],"about":[{"href":"https:\/\/kreative-heilarbeit.de\/index.php?rest_route=\/wp\/v2\/types\/page"}],"author":[{"embeddable":true,"href":"https:\/\/kreative-heilarbeit.de\/index.php?rest_route=\/wp\/v2\/users\/1"}],"replies":[{"embeddable":true,"href":"https:\/\/kreative-heilarbeit.de\/index.php?rest_route=%2Fwp%2Fv2%2Fcomments&post=26"}],"version-history":[{"count":3,"href":"https:\/\/kreative-heilarbeit.de\/index.php?rest_route=\/wp\/v2\/pages\/26\/revisions"}],"predecessor-version":[{"id":79,"href":"https:\/\/kreative-heilarbeit.de\/index.php?rest_route=\/wp\/v2\/pages\/26\/revisions\/79"}],"wp:attachment":[{"href":"https:\/\/kreative-heilarbeit.de\/index.php?rest_route=%2Fwp%2Fv2%2Fmedia&parent=26"}],"curies":[{"name":"wp","href":"https:\/\/api.w.org\/{rel}","templated":true}]}}