{"id":24,"date":"2018-05-22T15:06:37","date_gmt":"2018-05-22T15:06:37","guid":{"rendered":"http:\/\/kreative-heilarbeit.de\/?page_id=24"},"modified":"2018-05-22T20:17:25","modified_gmt":"2018-05-22T18:17:25","slug":"koerper","status":"publish","type":"page","link":"https:\/\/kreative-heilarbeit.de\/?page_id=24","title":{"rendered":"K\u00f6rper"},"content":{"rendered":"<h2>Kindertherapien:<\/h2>\n<p>Neurophysiologische-Entwicklungsf\u00f6rdeung, orofasciale Stimulation,<br \/>\nBehandlungen von Bewegungsst\u00f6rungen, Aufmerksamkeitsst\u00f6rungen,<br \/>\nParesen, Kinesologie, Vojta, Kinder-Tuina.<\/p>\n<h2><a id=\"th4\"><\/a>Medizinische Massagen und Wohlf\u00fchlmassagen:<\/h2>\n<p>Fu\u00dfreflexzonenmassage,<br \/>\nHot &amp; Cold Stone Massagen,<br \/>\nEnergiemassagen, Entspannungsmassage,<br \/>\nKopfmassagen,<br \/>\nShiatsu.<\/p>\n<p>Mehr Informationen erhalten Sie auf meiner Webseite <a href=\"http:\/\/www.kreative-koerper.de\" target=\"_blank\" rel=\"noopener\">Kreative K\u00f6rperarbeit<\/a><\/p>\n<p>&nbsp;<\/p>\n","protected":false},"excerpt":{"rendered":"<p>Kindertherapien: Neurophysiologische-Entwicklungsf\u00f6rdeung, orofasciale Stimulation, Behandlungen von Bewegungsst\u00f6rungen, Aufmerksamkeitsst\u00f6rungen, Paresen, Kinesologie, Vojta, Kinder-Tuina. Medizinische Massagen und Wohlf\u00fchlmassagen: Fu\u00dfreflexzonenmassage, Hot &amp; Cold Stone Massagen, Energiemassagen, Entspannungsmassage, Kopfmassagen, Shiatsu. Mehr Informationen erhalten Sie auf meiner Webseite Kreative K\u00f6rperarbeit &nbsp;<\/p>\n","protected":false},"author":1,"featured_media":0,"parent":0,"menu_order":0,"comment_status":"closed","ping_status":"closed","template":"","meta":[],"_links":{"self":[{"href":"https:\/\/kreative-heilarbeit.de\/index.php?rest_route=\/wp\/v2\/pages\/24"}],"collection":[{"href":"https:\/\/kreative-heilarbeit.de\/index.php?rest_route=\/wp\/v2\/pages"}],"about":[{"href":"https:\/\/kreative-heilarbeit.de\/index.php?rest_route=\/wp\/v2\/types\/page"}],"author":[{"embeddable":true,"href":"https:\/\/kreative-heilarbeit.de\/index.php?rest_route=\/wp\/v2\/users\/1"}],"replies":[{"embeddable":true,"href":"https:\/\/kreative-heilarbeit.de\/index.php?rest_route=%2Fwp%2Fv2%2Fcomments&post=24"}],"version-history":[{"count":4,"href":"https:\/\/kreative-heilarbeit.de\/index.php?rest_route=\/wp\/v2\/pages\/24\/revisions"}],"predecessor-version":[{"id":81,"href":"https:\/\/kreative-heilarbeit.de\/index.php?rest_route=\/wp\/v2\/pages\/24\/revisions\/81"}],"wp:attachment":[{"href":"https:\/\/kreative-heilarbeit.de\/index.php?rest_route=%2Fwp%2Fv2%2Fmedia&parent=24"}],"curies":[{"name":"wp","href":"https:\/\/api.w.org\/{rel}","templated":true}]}}